{"id":606,"date":"2023-04-19T18:22:14","date_gmt":"2023-04-19T22:22:14","guid":{"rendered":"https:\/\/brpmegatech.com\/?page_id=606"},"modified":"2024-01-09T10:27:23","modified_gmt":"2024-01-09T15:27:23","slug":"legal-notice","status":"publish","type":"page","link":"https:\/\/brpmegatech.com\/en\/legal-notice\/","title":{"rendered":"Legal Notice"},"content":{"rendered":"<p><strong>LEGAL NOTICE<\/strong><\/p>\n<p><strong>TERMS OF USE<\/strong><\/p>\n<p><strong>Web site of Les Industries BRP M\u00e9gatech Inc.<\/strong><\/p>\n<p>All pages of the Les Industries BRP M\u00e9gatech Inc. are: \u00a9 2022, Bombardier Recreational Products Inc. All rights reserved.<\/p>\n<p>PLEASE READ THESE TERMS OF USE CAREFULLY BEFORE USING THIS SITE<\/p>\n<p>This site is owned and operated by BOMBARDIER RECREATIONAL PRODUCTS INC. (\u201cBRP\u201d) or its subsidiaries, including Les Industries BRP M\u00e9gatech Inc. (referred to as &#8220;M\u00e9gatech&#8221;, &#8220;we&#8221;, &#8220;us&#8221; or &#8220;our&#8221; herein). By using this site, you signify your assent to the terms of use of this agreement (&#8220;Agreement&#8221;) as well as the Notice on the protection of personal information of Megatech candidates.<\/p>\n<p>Unless otherwise indicated, the information found on this site is presented solely for the purpose of general presentation of M\u00e9gatech&#8217;s activities and employment opportunities.<\/p>\n<p>&nbsp;<\/p>\n<p><strong>Copyrights<\/strong><\/p>\n<p>M\u00e9gatech owns and retains the copyrights of the materials found on its web sites and any documents it issues including catalogues, technical publications, manuals and guides. Unless otherwise specified, no one has permission to copy or republish, in any form, the architecture or the visual appearance of the M\u00e9gatech web sites, any information found on the M\u00e9gatech web sites including photographs published on the website or catalogues. No material from M\u00e9gatech web sites or any web site owned, operated, licensed or controlled by M\u00e9gatech or affiliated companies may be copied, reproduced, republished, uploaded, posted, transmitted, or distributed in any way, except that you may download one copy of the materials on any single computer for your personal, non-commercial home use only, provided you keep intact all copyright and other proprietary notices.<\/p>\n<p><strong>Trademarks<\/strong><\/p>\n<p>Megatech and its associated graphic designs are trademarks of BRP. No trademark or service mark license is granted in connection with the material contained in the M\u00e9gatech website.<\/p>\n<p>You shall not use or register, in whole or in part, trademarks, including graphic symbols, logos and M\u00e9gatech icons, except pursuant to an express written authorization from BRP.<\/p>\n<p><strong>Warranty disclaimer<\/strong><\/p>\n<p>THIS WEBSITE AND ALL OF THE INFORMATION IT CONTAINS, ARE PROVIDED &#8220;AS IS&#8221; AND ON \u201cAS AVAILABLE\u201d BASIS, \u201cWITH ALL FAULTS\u201d. WITHOUT WARRANTY OF ANY KIND, EITHER EXPRESS OR IMPLIED, INCLUDING, BUT NOT LIMITED TO, THE IMPLIED WARRANTIES OF MERCHANTABILITY, FITNESS FOR A PARTICULAR PURPOSE, OR NON-INFRINGEMENT OF THIRD-PARTY RIGHTS. SOME JURISDICTIONS DO NOT ALLOW THE EXCLUSION OF IMPLIED WARRANTIES, SO THE ABOVE EXCLUSION MAY NOT APPLY TO YOU.<\/p>\n<p>Information on this Website could include technical inaccuracies or typographical errors. Changes may be periodically made to the information or the products herein. By continuing to use this site, you signify your consent to the changes made to these.<\/p>\n<p><strong>Limitation of liabilities<\/strong><\/p>\n<p>M\u00e9gatech makes no representations whatsoever about any other website which you may access through this one. When you access a non-M\u00e9gatech website, please understand that it is independent from M\u00e9gatech, and that M\u00e9gatech has no control over the content on that website. In addition, a link to a non-M\u00e9gatech website does not mean that M\u00e9gatech endorses or accepts any responsibility for the content, or the use, of such website. It is up to you to take precautions to ensure that whatever you select for your use is free of such items as viruses and other items of a destructive nature.<\/p>\n<p>IN NO EVENT, IN REGARD TO THIS SITE OR ANY OTHER HYPERLINKED SITE, WILL M\u00c9GATECH NOR ANY OF ITS DIRECTORS, OFFICERS, EMPLOYEES, SHAREHOLDERS, SUB-CONTRACTORS, PARTNERS, AGENTS OR REPRESENTATIVES BE LIABLE TO ANY PARTY OF ANY DAMAGES OR INJURY CAUSED BY, ARISING FROM OR IN CONNECTION WITH (INCLUDING BUT NOT LIMITED TO) ANY FAILURE OF PERFORMANCE, ERROR, OMISSION, DIRECT, INDIRECT, SPECIAL OR OTHER CONSEQUENTIAL DAMAGES INCLUDING, WITHOUT LIMITATION, ANY LOST PROFITS, BUSINESS INTERRUPTION, LOSS OF PROGRAMS OR OTHER DATA ON YOUR INFORMATION HANDLING SYSTEM OR OTHERWISE, EVEN IF WE ARE EXPRESSLY ADVISED OF THE POSSIBILITY OF SUCH DAMAGES.<\/p>\n<p><strong>Confidential or proprietary information<\/strong><\/p>\n<p>M\u00e9gatech appreciates your interest. However, you will understand that M\u00e9gatech does not want to receive confidential, exclusive or proprietary information from you through its site. Please note that any information or material sent to M\u00e9gatech will be deemed NOT to be confidential. By sending M\u00e9gatech any information or material, you grant M\u00e9gatech an unrestricted, irrevocable license to use, reproduce, display, perform, modify transmit and distribute those materials or information, and you also agree that M\u00e9gatech is free to use any ideas, concepts, know-how or techniques that you send us for any purpose.<\/p>\n<p><strong>Jurisdictional issues<\/strong><\/p>\n<p>This Agreement shall be governed by and construed in accordance with the laws of the province of Quebec without giving effect to any principles of conflicts of law. If any provision of this Agreement shall be unlawful, void, or for any reason unenforceable, then that provision shall be deemed severable from this Agreement and shall not affect the validity and enforceability of any remaining provisions. This is the entire Agreement between the parties relating to the subject matter herein and shall not be modified except in writing, signed by both parties.<\/p>\n<p>&nbsp;<\/p>\n","protected":false},"excerpt":{"rendered":"<p>LEGAL NOTICE TERMS OF USE Web site of Les Industries BRP M\u00e9gatech Inc. All pages of the Les Industries BRP M\u00e9gatech Inc. are: \u00a9 2022, Bombardier Recreational Products Inc. All rights reserved. PLEASE READ THESE TERMS OF USE CAREFULLY BEFORE USING THIS SITE This site is owned and operated by BOMBARDIER RECREATIONAL PRODUCTS INC. (\u201cBRP\u201d) [&hellip;]<\/p>\n","protected":false},"author":3,"featured_media":0,"parent":0,"menu_order":0,"comment_status":"closed","ping_status":"closed","template":"","meta":{"_acf_changed":false,"footnotes":""},"class_list":["post-606","page","type-page","status-publish","hentry"],"acf":[],"yoast_head":"<!-- This site is optimized with the Yoast SEO plugin v27.0 - https:\/\/yoast.com\/product\/yoast-seo-wordpress\/ -->\n<title>Legal Notice - BRP Megatech<\/title>\n<meta name=\"robots\" content=\"index, follow, max-snippet:-1, max-image-preview:large, max-video-preview:-1\" \/>\n<link rel=\"canonical\" href=\"https:\/\/brpmegatech.com\/en\/legal-notice\/\" \/>\n<meta property=\"og:locale\" content=\"en_US\" \/>\n<meta property=\"og:type\" content=\"article\" \/>\n<meta property=\"og:title\" content=\"Legal Notice - BRP Megatech\" \/>\n<meta property=\"og:description\" content=\"LEGAL NOTICE TERMS OF USE Web site of Les Industries BRP M\u00e9gatech Inc. All pages of the Les Industries BRP M\u00e9gatech Inc. are: \u00a9 2022, Bombardier Recreational Products Inc. All rights reserved. PLEASE READ THESE TERMS OF USE CAREFULLY BEFORE USING THIS SITE This site is owned and operated by BOMBARDIER RECREATIONAL PRODUCTS INC. (\u201cBRP\u201d) [&hellip;]\" \/>\n<meta property=\"og:url\" content=\"https:\/\/brpmegatech.com\/en\/legal-notice\/\" \/>\n<meta property=\"og:site_name\" content=\"BRP Megatech\" \/>\n<meta property=\"article:modified_time\" content=\"2024-01-09T15:27:23+00:00\" \/>\n<meta name=\"twitter:card\" content=\"summary_large_image\" \/>\n<meta name=\"twitter:label1\" content=\"Est. reading time\" \/>\n\t<meta name=\"twitter:data1\" content=\"4 minutes\" \/>\n<script type=\"application\/ld+json\" class=\"yoast-schema-graph\">{\"@context\":\"https:\/\/schema.org\",\"@graph\":[{\"@type\":\"WebPage\",\"@id\":\"https:\/\/brpmegatech.com\/en\/legal-notice\/\",\"url\":\"https:\/\/brpmegatech.com\/en\/legal-notice\/\",\"name\":\"Legal Notice - BRP Megatech\",\"isPartOf\":{\"@id\":\"https:\/\/brpmegatech.com\/en\/#website\"},\"datePublished\":\"2023-04-19T22:22:14+00:00\",\"dateModified\":\"2024-01-09T15:27:23+00:00\",\"breadcrumb\":{\"@id\":\"https:\/\/brpmegatech.com\/en\/legal-notice\/#breadcrumb\"},\"inLanguage\":\"en-US\",\"potentialAction\":[{\"@type\":\"ReadAction\",\"target\":[\"https:\/\/brpmegatech.com\/en\/legal-notice\/\"]}]},{\"@type\":\"BreadcrumbList\",\"@id\":\"https:\/\/brpmegatech.com\/en\/legal-notice\/#breadcrumb\",\"itemListElement\":[{\"@type\":\"ListItem\",\"position\":1,\"name\":\"Home\",\"item\":\"https:\/\/brpmegatech.com\/en\/\"},{\"@type\":\"ListItem\",\"position\":2,\"name\":\"Legal Notice\"}]},{\"@type\":\"WebSite\",\"@id\":\"https:\/\/brpmegatech.com\/en\/#website\",\"url\":\"https:\/\/brpmegatech.com\/en\/\",\"name\":\"BRP Megatech\",\"description\":\"On repousse les limites de la m\u00e9catronique.\",\"potentialAction\":[{\"@type\":\"SearchAction\",\"target\":{\"@type\":\"EntryPoint\",\"urlTemplate\":\"https:\/\/brpmegatech.com\/en\/?s={search_term_string}\"},\"query-input\":{\"@type\":\"PropertyValueSpecification\",\"valueRequired\":true,\"valueName\":\"search_term_string\"}}],\"inLanguage\":\"en-US\"}]}<\/script>\n<!-- \/ Yoast SEO plugin. -->","yoast_head_json":{"title":"Legal Notice - BRP Megatech","robots":{"index":"index","follow":"follow","max-snippet":"max-snippet:-1","max-image-preview":"max-image-preview:large","max-video-preview":"max-video-preview:-1"},"canonical":"https:\/\/brpmegatech.com\/en\/legal-notice\/","og_locale":"en_US","og_type":"article","og_title":"Legal Notice - BRP Megatech","og_description":"LEGAL NOTICE TERMS OF USE Web site of Les Industries BRP M\u00e9gatech Inc. All pages of the Les Industries BRP M\u00e9gatech Inc. are: \u00a9 2022, Bombardier Recreational Products Inc. All rights reserved. PLEASE READ THESE TERMS OF USE CAREFULLY BEFORE USING THIS SITE This site is owned and operated by BOMBARDIER RECREATIONAL PRODUCTS INC. (\u201cBRP\u201d) [&hellip;]","og_url":"https:\/\/brpmegatech.com\/en\/legal-notice\/","og_site_name":"BRP Megatech","article_modified_time":"2024-01-09T15:27:23+00:00","twitter_card":"summary_large_image","twitter_misc":{"Est. reading time":"4 minutes"},"schema":{"@context":"https:\/\/schema.org","@graph":[{"@type":"WebPage","@id":"https:\/\/brpmegatech.com\/en\/legal-notice\/","url":"https:\/\/brpmegatech.com\/en\/legal-notice\/","name":"Legal Notice - BRP Megatech","isPartOf":{"@id":"https:\/\/brpmegatech.com\/en\/#website"},"datePublished":"2023-04-19T22:22:14+00:00","dateModified":"2024-01-09T15:27:23+00:00","breadcrumb":{"@id":"https:\/\/brpmegatech.com\/en\/legal-notice\/#breadcrumb"},"inLanguage":"en-US","potentialAction":[{"@type":"ReadAction","target":["https:\/\/brpmegatech.com\/en\/legal-notice\/"]}]},{"@type":"BreadcrumbList","@id":"https:\/\/brpmegatech.com\/en\/legal-notice\/#breadcrumb","itemListElement":[{"@type":"ListItem","position":1,"name":"Home","item":"https:\/\/brpmegatech.com\/en\/"},{"@type":"ListItem","position":2,"name":"Legal Notice"}]},{"@type":"WebSite","@id":"https:\/\/brpmegatech.com\/en\/#website","url":"https:\/\/brpmegatech.com\/en\/","name":"BRP Megatech","description":"On repousse les limites de la m\u00e9catronique.","potentialAction":[{"@type":"SearchAction","target":{"@type":"EntryPoint","urlTemplate":"https:\/\/brpmegatech.com\/en\/?s={search_term_string}"},"query-input":{"@type":"PropertyValueSpecification","valueRequired":true,"valueName":"search_term_string"}}],"inLanguage":"en-US"}]}},"_links":{"self":[{"href":"https:\/\/brpmegatech.com\/en\/wp-json\/wp\/v2\/pages\/606","targetHints":{"allow":["GET"]}}],"collection":[{"href":"https:\/\/brpmegatech.com\/en\/wp-json\/wp\/v2\/pages"}],"about":[{"href":"https:\/\/brpmegatech.com\/en\/wp-json\/wp\/v2\/types\/page"}],"author":[{"embeddable":true,"href":"https:\/\/brpmegatech.com\/en\/wp-json\/wp\/v2\/users\/3"}],"replies":[{"embeddable":true,"href":"https:\/\/brpmegatech.com\/en\/wp-json\/wp\/v2\/comments?post=606"}],"version-history":[{"count":7,"href":"https:\/\/brpmegatech.com\/en\/wp-json\/wp\/v2\/pages\/606\/revisions"}],"predecessor-version":[{"id":1792,"href":"https:\/\/brpmegatech.com\/en\/wp-json\/wp\/v2\/pages\/606\/revisions\/1792"}],"wp:attachment":[{"href":"https:\/\/brpmegatech.com\/en\/wp-json\/wp\/v2\/media?parent=606"}],"curies":[{"name":"wp","href":"https:\/\/api.w.org\/{rel}","templated":true}]}}